{"id":17,"date":"2024-05-27T11:25:44","date_gmt":"2024-05-27T11:25:44","guid":{"rendered":"https:\/\/istanbulhirdavatfuari.com\/ru\/?page_id=17"},"modified":"2024-06-15T09:20:59","modified_gmt":"2024-06-15T09:20:59","slug":"%d0%bf%d1%80%d0%b5%d1%81%d1%81-%d1%80%d0%b5%d0%bb%d0%b8%d0%b7%d1%8b","status":"publish","type":"page","link":"https:\/\/istanbulhirdavatfuari.com\/ru\/%d0%bf%d1%80%d0%b5%d1%81%d1%81-%d1%80%d0%b5%d0%bb%d0%b8%d0%b7%d1%8b\/","title":{"rendered":"\u041f\u0440\u0435\u0441\u0441-\u0440\u0435\u043b\u0438\u0437\u044b"},"content":{"rendered":"\t\t<div data-elementor-type=\"wp-page\" data-elementor-id=\"17\" class=\"elementor elementor-17\">\n\t\t\t\t<div class=\"elementor-element elementor-element-6c5bac2 e-flex e-con-boxed e-con e-parent\" data-id=\"6c5bac2\" data-element_type=\"container\">\n\t\t\t\t\t<div class=\"e-con-inner\">\n\t\t<div class=\"elementor-element elementor-element-c68cdf7 e-con-full e-flex e-con e-child\" data-id=\"c68cdf7\" data-element_type=\"container\">\n\t\t<div class=\"elementor-element elementor-element-17ddcb7 e-con-full e-flex e-con e-child\" data-id=\"17ddcb7\" data-element_type=\"container\">\n\t\t\t\t<div class=\"elementor-element elementor-element-c936318 elementor-widget elementor-widget-ld_blog\" data-id=\"c936318\" data-element_type=\"widget\" data-widget_type=\"ld_blog.default\">\n\t\t\t\t<div class=\"elementor-widget-container\">\n\t\t\t\t\t<div class=\"lqd-lp-grid c936318 blog-id-210985752 \"><div class=\"lqd-lp-row row pos-rel d-flex flex-wrap\" ><div class=\"lqd-lp-column d-flex flex-column col-md-12 fuar-hakkinda\"><article id=\"post-1540\" class=\"lqd-lp pos-rel lqd-lp lqd-lp-style-21 lqd-lp-style-21-alt d-flex flex-wrap text-start post-1540 post type-post status-publish format-standard has-post-thumbnail hentry category-fuar-hakkinda\">\n<div class=\"lqd-lp-img w-100 pos-rel overflow-hidden mb-4\">\n\t<figure class=\"lqd-overlay\"><img fetchpriority=\"high\" decoding=\"async\" width=\"700\" height=\"450\" src=\"https:\/\/istanbulhirdavatfuari.com\/ru\/wp-content\/uploads\/2024\/05\/is-sagligi-ve-guvenligi-fuari-8-700x450.jpg\" class=\"w-100 wp-post-image\" alt=\"\" itemprop=\"image\" \/><div class=\"lqd-overlay d-flex align-items-center justify-content-center\"><i class=\"lqd-icn-ess icon-md-arrow-forward\"><\/i><\/div><\/figure><\/div>\n\n<div class=\"lqd-lp-contents w-100 d-flex flex-column\">\n\n\t<header class=\"lqd-lp-header\">\n\t\t<div class=\"lqd-lp-meta d-flex align-items-center justify-content-between mb-3\">\n\t\t\t<time class=\"lqd-lp-date d-inline-flex align-items-center\" datetime=\"2024-06-01T12:52:58+03:00\">2 \u0433\u043e\u0434\u0430 ago<\/time>\n\t\t<\/div>\n\t\t<h2 class=\"lqd-lp-title mt-1 mb-3 h5\"><a href=\"https:\/\/istanbulhirdavatfuari.com\/ru\/hirdavat-sektorunun-en-kapsamli-bulusmasi-icin-geri-sayim-basladi\/\">H\u0131rdavat Sekt\u00f6r\u00fcn\u00fcn En Kapsaml\u0131 Bulu\u015fmas\u0131 \u0130\u00e7in Geri Say\u0131m Ba\u015flad\u0131!<\/a><\/h2>\n\t<\/header>\n\n\t\t\t\t<div class=\"lqd-lp-excerpt\">\n\t\t\t\t\t\t\t<\/div>\n\t\t\n<\/div>\n\n<a href=\"https:\/\/istanbulhirdavatfuari.com\/ru\/hirdavat-sektorunun-en-kapsamli-bulusmasi-icin-geri-sayim-basladi\/\" class=\"lqd-lp-overlay-link lqd-overlay lqd-cc-label-trigger z-index-2\" tab-index=\"-1\"><\/a><\/article><\/div><div class=\"lqd-lp-column d-flex flex-column col-md-12 fuar-hakkinda\"><article id=\"post-1538\" class=\"lqd-lp pos-rel lqd-lp lqd-lp-style-21 lqd-lp-style-21-alt d-flex flex-wrap text-start post-1538 post type-post status-publish format-standard has-post-thumbnail hentry category-fuar-hakkinda\">\n<div class=\"lqd-lp-img w-100 pos-rel overflow-hidden mb-4\">\n\t<figure class=\"lqd-overlay\"><img decoding=\"async\" width=\"700\" height=\"450\" src=\"data:image\/svg+xml;charset=utf-8,%3Csvg xmlns%3D&#039;http%3A%2F%2Fwww.w3.org%2F2000%2Fsvg&#039; viewBox%3D&#039;0 0  &#039;%2F%3E\" class=\"w-100 ld-lazyload wp-post-image\" alt=\"\" itemprop=\"image\" data-src=\"https:\/\/istanbulhirdavatfuari.com\/ru\/wp-content\/uploads\/2024\/05\/is-sagligi-ve-guvenligi-fuari-31-700x450.jpg\" data-aspect=\"\" \/><div class=\"lqd-overlay d-flex align-items-center justify-content-center\"><i class=\"lqd-icn-ess icon-md-arrow-forward\"><\/i><\/div><\/figure><\/div>\n\n<div class=\"lqd-lp-contents w-100 d-flex flex-column\">\n\n\t<header class=\"lqd-lp-header\">\n\t\t<div class=\"lqd-lp-meta d-flex align-items-center justify-content-between mb-3\">\n\t\t\t<time class=\"lqd-lp-date d-inline-flex align-items-center\" datetime=\"2023-09-25T12:51:39+03:00\">3 \u0433\u043e\u0434\u0430 ago<\/time>\n\t\t<\/div>\n\t\t<h2 class=\"lqd-lp-title mt-1 mb-3 h5\"><a href=\"https:\/\/istanbulhirdavatfuari.com\/ru\/7-yilinda-125-ulkeden-yuzlerce-katilimci-ve-binlerce-ziyaretcisiyle-ev-sahipligi-yapti\/\">7.Y\u0131l\u0131nda 125 \u00dclkeden Y\u00fczlerce Kat\u0131l\u0131mc\u0131 ve Binlerce Ziyaret\u00e7isiyle Ev Sahipli\u011fi Yapt\u0131<\/a><\/h2>\n\t<\/header>\n\n\t\t\t\t<div class=\"lqd-lp-excerpt\">\n\t\t\t\t\t\t\t<\/div>\n\t\t\n<\/div>\n\n<a href=\"https:\/\/istanbulhirdavatfuari.com\/ru\/7-yilinda-125-ulkeden-yuzlerce-katilimci-ve-binlerce-ziyaretcisiyle-ev-sahipligi-yapti\/\" class=\"lqd-lp-overlay-link lqd-overlay lqd-cc-label-trigger z-index-2\" tab-index=\"-1\"><\/a><\/article><\/div><div class=\"lqd-lp-column d-flex flex-column col-md-12 fuar-hakkinda\"><article id=\"post-1532\" class=\"lqd-lp pos-rel lqd-lp lqd-lp-style-21 lqd-lp-style-21-alt d-flex flex-wrap text-start post-1532 post type-post status-publish format-standard has-post-thumbnail hentry category-fuar-hakkinda\">\n<div class=\"lqd-lp-img w-100 pos-rel overflow-hidden mb-4\">\n\t<figure class=\"lqd-overlay\"><img decoding=\"async\" width=\"700\" height=\"450\" src=\"data:image\/svg+xml;charset=utf-8,%3Csvg xmlns%3D&#039;http%3A%2F%2Fwww.w3.org%2F2000%2Fsvg&#039; viewBox%3D&#039;0 0  &#039;%2F%3E\" class=\"w-100 ld-lazyload wp-post-image\" alt=\"\" itemprop=\"image\" data-src=\"https:\/\/istanbulhirdavatfuari.com\/ru\/wp-content\/uploads\/2024\/05\/is-sagligi-ve-guvenligi-fuari-19-700x450.jpg\" data-aspect=\"\" \/><div class=\"lqd-overlay d-flex align-items-center justify-content-center\"><i class=\"lqd-icn-ess icon-md-arrow-forward\"><\/i><\/div><\/figure><\/div>\n\n<div class=\"lqd-lp-contents w-100 d-flex flex-column\">\n\n\t<header class=\"lqd-lp-header\">\n\t\t<div class=\"lqd-lp-meta d-flex align-items-center justify-content-between mb-3\">\n\t\t\t<time class=\"lqd-lp-date d-inline-flex align-items-center\" datetime=\"2023-07-04T12:50:17+03:00\">3 \u0433\u043e\u0434\u0430 ago<\/time>\n\t\t<\/div>\n\t\t<h2 class=\"lqd-lp-title mt-1 mb-3 h5\"><a href=\"https:\/\/istanbulhirdavatfuari.com\/ru\/hirdavat-sektorunun-uluslararasi-arenadaki-en-buyuk-bulusmasi-7-kez-kapilarini-acmaya-hazirlaniyor\/\">H\u0131rdavat Sekt\u00f6r\u00fcn\u00fcn Uluslararas\u0131 Arenadaki En B\u00fcy\u00fck Bulu\u015fmas\u0131 7. Kez Kap\u0131lar\u0131n\u0131 A\u00e7maya Haz\u0131rlan\u0131yor<\/a><\/h2>\n\t<\/header>\n\n\t\t\t\t<div class=\"lqd-lp-excerpt\">\n\t\t\t\t\t\t\t<\/div>\n\t\t\n<\/div>\n\n<a href=\"https:\/\/istanbulhirdavatfuari.com\/ru\/hirdavat-sektorunun-uluslararasi-arenadaki-en-buyuk-bulusmasi-7-kez-kapilarini-acmaya-hazirlaniyor\/\" class=\"lqd-lp-overlay-link lqd-overlay lqd-cc-label-trigger z-index-2\" tab-index=\"-1\"><\/a><\/article><\/div><div class=\"lqd-lp-column d-flex flex-column col-md-12 fuar-hakkinda\"><article id=\"post-1534\" class=\"lqd-lp pos-rel lqd-lp lqd-lp-style-21 lqd-lp-style-21-alt d-flex flex-wrap text-start post-1534 post type-post status-publish format-standard has-post-thumbnail hentry category-fuar-hakkinda\">\n<div class=\"lqd-lp-img w-100 pos-rel overflow-hidden mb-4\">\n\t<figure class=\"lqd-overlay\"><img loading=\"lazy\" decoding=\"async\" width=\"700\" height=\"450\" src=\"data:image\/svg+xml;charset=utf-8,%3Csvg xmlns%3D&#039;http%3A%2F%2Fwww.w3.org%2F2000%2Fsvg&#039; viewBox%3D&#039;0 0  &#039;%2F%3E\" class=\"w-100 ld-lazyload wp-post-image\" alt=\"\" itemprop=\"image\" data-src=\"https:\/\/istanbulhirdavatfuari.com\/ru\/wp-content\/uploads\/2024\/06\/uluslararasi-hirdavat-fuari-istanbul-2024-22-700x450.jpg\" data-aspect=\"\" \/><div class=\"lqd-overlay d-flex align-items-center justify-content-center\"><i class=\"lqd-icn-ess icon-md-arrow-forward\"><\/i><\/div><\/figure><\/div>\n\n<div class=\"lqd-lp-contents w-100 d-flex flex-column\">\n\n\t<header class=\"lqd-lp-header\">\n\t\t<div class=\"lqd-lp-meta d-flex align-items-center justify-content-between mb-3\">\n\t\t\t<time class=\"lqd-lp-date d-inline-flex align-items-center\" datetime=\"2023-06-08T12:50:56+03:00\">3 \u0433\u043e\u0434\u0430 ago<\/time>\n\t\t<\/div>\n\t\t<h2 class=\"lqd-lp-title mt-1 mb-3 h5\"><a href=\"https:\/\/istanbulhirdavatfuari.com\/ru\/hirdavat-fuari-rekor-sayida-uluslararasi-katilimci-firmaya-ev-sahipligi-yapacak\/\">H\u0131rdavat Fuar\u0131 Rekor Say\u0131da Uluslararas\u0131 Kat\u0131l\u0131mc\u0131 Firmaya Ev Sahipli\u011fi Yapacak<\/a><\/h2>\n\t<\/header>\n\n\t\t\t\t<div class=\"lqd-lp-excerpt\">\n\t\t\t\t\t\t\t<\/div>\n\t\t\n<\/div>\n\n<a href=\"https:\/\/istanbulhirdavatfuari.com\/ru\/hirdavat-fuari-rekor-sayida-uluslararasi-katilimci-firmaya-ev-sahipligi-yapacak\/\" class=\"lqd-lp-overlay-link lqd-overlay lqd-cc-label-trigger z-index-2\" tab-index=\"-1\"><\/a><\/article><\/div><div class=\"lqd-lp-column d-flex flex-column col-md-12 fuar-hakkinda\"><article id=\"post-1527\" class=\"lqd-lp pos-rel lqd-lp lqd-lp-style-21 lqd-lp-style-21-alt d-flex flex-wrap text-start post-1527 post type-post status-publish format-standard has-post-thumbnail hentry category-fuar-hakkinda\">\n<div class=\"lqd-lp-img w-100 pos-rel overflow-hidden mb-4\">\n\t<figure class=\"lqd-overlay\"><img loading=\"lazy\" decoding=\"async\" width=\"700\" height=\"450\" src=\"data:image\/svg+xml;charset=utf-8,%3Csvg xmlns%3D&#039;http%3A%2F%2Fwww.w3.org%2F2000%2Fsvg&#039; viewBox%3D&#039;0 0  &#039;%2F%3E\" class=\"w-100 ld-lazyload wp-post-image\" alt=\"\" itemprop=\"image\" data-src=\"https:\/\/istanbulhirdavatfuari.com\/ru\/wp-content\/uploads\/2024\/06\/fuar-giris-scaled-1-700x450.jpg\" data-aspect=\"\" \/><div class=\"lqd-overlay d-flex align-items-center justify-content-center\"><i class=\"lqd-icn-ess icon-md-arrow-forward\"><\/i><\/div><\/figure><\/div>\n\n<div class=\"lqd-lp-contents w-100 d-flex flex-column\">\n\n\t<header class=\"lqd-lp-header\">\n\t\t<div class=\"lqd-lp-meta d-flex align-items-center justify-content-between mb-3\">\n\t\t\t<time class=\"lqd-lp-date d-inline-flex align-items-center\" datetime=\"2023-05-03T12:47:37+03:00\">3 \u0433\u043e\u0434\u0430 ago<\/time>\n\t\t<\/div>\n\t\t<h2 class=\"lqd-lp-title mt-1 mb-3 h5\"><a href=\"https:\/\/istanbulhirdavatfuari.com\/ru\/7-uluslararasi-istanbul-hirdavat-fuari-icin-geri-sayim-basladi\/\">7. Uluslararas\u0131 \u0130stanbul H\u0131rdavat Fuar\u0131 i\u00e7in geri say\u0131m ba\u015flad\u0131!<\/a><\/h2>\n\t<\/header>\n\n\t\t\t\t<div class=\"lqd-lp-excerpt\">\n\t\t\t\t\t\t\t<\/div>\n\t\t\n<\/div>\n\n<a href=\"https:\/\/istanbulhirdavatfuari.com\/ru\/7-uluslararasi-istanbul-hirdavat-fuari-icin-geri-sayim-basladi\/\" class=\"lqd-lp-overlay-link lqd-overlay lqd-cc-label-trigger z-index-2\" tab-index=\"-1\"><\/a><\/article><\/div><div class=\"lqd-lp-column d-flex flex-column col-md-12 fuar-hakkinda\"><article id=\"post-1530\" class=\"lqd-lp pos-rel lqd-lp lqd-lp-style-21 lqd-lp-style-21-alt d-flex flex-wrap text-start post-1530 post type-post status-publish format-standard has-post-thumbnail hentry category-fuar-hakkinda\">\n<div class=\"lqd-lp-img w-100 pos-rel overflow-hidden mb-4\">\n\t<figure class=\"lqd-overlay\"><img loading=\"lazy\" decoding=\"async\" width=\"700\" height=\"450\" src=\"data:image\/svg+xml;charset=utf-8,%3Csvg xmlns%3D&#039;http%3A%2F%2Fwww.w3.org%2F2000%2Fsvg&#039; viewBox%3D&#039;0 0  &#039;%2F%3E\" class=\"w-100 ld-lazyload wp-post-image\" alt=\"\" itemprop=\"image\" data-src=\"https:\/\/istanbulhirdavatfuari.com\/ru\/wp-content\/uploads\/2024\/05\/is-sagligi-ve-guvenligi-fuari-12-700x450.jpg\" data-aspect=\"\" \/><div class=\"lqd-overlay d-flex align-items-center justify-content-center\"><i class=\"lqd-icn-ess icon-md-arrow-forward\"><\/i><\/div><\/figure><\/div>\n\n<div class=\"lqd-lp-contents w-100 d-flex flex-column\">\n\n\t<header class=\"lqd-lp-header\">\n\t\t<div class=\"lqd-lp-meta d-flex align-items-center justify-content-between mb-3\">\n\t\t\t<time class=\"lqd-lp-date d-inline-flex align-items-center\" datetime=\"2022-09-19T12:48:45+03:00\">4 \u0433\u043e\u0434\u0430 ago<\/time>\n\t\t<\/div>\n\t\t<h2 class=\"lqd-lp-title mt-1 mb-3 h5\"><a href=\"https:\/\/istanbulhirdavatfuari.com\/ru\/6-uluslararasi-istanbul-hirdavat-fuari-94-ulkeden-23-525-uluslararasi-yatirimciyi-agirladi\/\">6. Uluslararas\u0131 \u0130stanbul H\u0131rdavat Fuar\u0131 94 \u00fclkeden 23.525 uluslararas\u0131 yat\u0131r\u0131mc\u0131y\u0131 a\u011f\u0131rlad\u0131<\/a><\/h2>\n\t<\/header>\n\n\t\t\t\t<div class=\"lqd-lp-excerpt\">\n\t\t\t\t\t\t\t<\/div>\n\t\t\n<\/div>\n\n<a href=\"https:\/\/istanbulhirdavatfuari.com\/ru\/6-uluslararasi-istanbul-hirdavat-fuari-94-ulkeden-23-525-uluslararasi-yatirimciyi-agirladi\/\" class=\"lqd-lp-overlay-link lqd-overlay lqd-cc-label-trigger z-index-2\" tab-index=\"-1\"><\/a><\/article><\/div><\/div><!--\/ .row --><\/div><!--\/ .lqd-lp-grid -->\t\t\t\t<\/div>\n\t\t\t\t<\/div>\n\t\t\t\t<\/div>\n\t\t\t\t<\/div>\n\t\t\t\t\t<\/div>\n\t\t\t\t<\/div>\n\t\t\t\t<\/div>\n\t\t","protected":false},"excerpt":{"rendered":"","protected":false},"author":1,"featured_media":0,"parent":0,"menu_order":0,"comment_status":"closed","ping_status":"closed","template":"","meta":{"footnotes":""},"class_list":["post-17","page","type-page","status-publish","hentry"],"rankMath":{"parentDomain":"istanbulhirdavatfuari.com","noFollowDomains":[],"noFollowExcludeDomains":[],"noFollowExternalLinks":false,"featuredImageNotice":"\u041f\u043e\u043a\u0430\u0437\u0430\u043d\u043d\u043e\u0435 \u0438\u0437\u043e\u0431\u0440\u0430\u0436\u0435\u043d\u0438\u0435 \u0434\u043e\u043b\u0436\u043d\u043e \u0431\u044b\u0442\u044c \u0440\u0430\u0437\u043c\u0435\u0440\u043e\u043c \u043d\u0435 \u043c\u0435\u043d\u0435\u0435 200 \u043d\u0430 200 \u043f\u0438\u043a\u0441\u0435\u043b\u0435\u0439, \u0447\u0442\u043e\u0431\u044b \u0435\u0433\u043e \u043c\u043e\u0433\u043b\u0438 \u0443\u0432\u0438\u0434\u0435\u0442\u044c Facebook \u0438 \u0434\u0440\u0443\u0433\u0438\u0435 \u0441\u0430\u0439\u0442\u044b \u0441\u043e\u0446\u0438\u0430\u043b\u044c\u043d\u044b\u0445 \u0441\u0435\u0442\u0435\u0439.","pluginReviewed":false,"postSettings":{"linkSuggestions":true,"useFocusKeyword":false},"frontEndScore":false,"postName":"6-uluslararasi-istanbul-hirdavat-fuari-94-ulkeden-23-525-uluslararasi-yatirimciyi-agirladi","permalinkFormat":"https:\/\/istanbulhirdavatfuari.com\/ru\/%postname%\/","showLockModifiedDate":true,"assessor":{"focusKeywordLink":"https:\/\/istanbulhirdavatfuari.com\/ru\/wp-admin\/edit.php?focus_keyword=%focus_keyword%&post_type=%post_type%","hasTOCPlugin":false,"primaryTaxonomy":{"title":"\u0420\u0443\u0431\u0440\u0438\u043a\u0430","name":"category","singularLabel":"\u0420\u0443\u0431\u0440\u0438\u043a\u0430","restBase":"categories"},"serpData":{"title":"","description":"","focusKeywords":"","pillarContent":false,"canonicalUrl":"","breadcrumbTitle":"","advancedRobots":[],"facebookTitle":"","facebookDescription":"","facebookImage":"","facebookImageID":"","facebookHasOverlay":false,"facebookImageOverlay":"","facebookAuthor":"","twitterCardType":"","twitterUseFacebook":true,"twitterTitle":"","twitterDescription":"","twitterImage":"","twitterImageID":"","twitterHasOverlay":false,"twitterImageOverlay":"","twitterPlayerUrl":"","twitterPlayerSize":"","twitterPlayerStream":"","twitterPlayerStreamCtype":"","twitterAppDescription":"","twitterAppIphoneName":"","twitterAppIphoneID":"","twitterAppIphoneUrl":"","twitterAppIpadName":"","twitterAppIpadID":"","twitterAppIpadUrl":"","twitterAppGoogleplayName":"","twitterAppGoogleplayID":"","twitterAppGoogleplayUrl":"","twitterAppCountry":"","robots":{"index":true},"twitterAuthor":"\u0438\u043c\u044f \u043f\u043e\u043b\u044c\u0437\u043e\u0432\u0430\u0442\u0435\u043b\u044f","primaryTerm":0,"authorName":"admin","titleTemplate":"%title% %sep% %sitename%","descriptionTemplate":"%excerpt%","showScoreFrontend":true,"lockModifiedDate":false},"powerWords":[],"diacritics":{"A":"[\\u0410\\u0430]","B":"[\\u0411\\u0431]","V":"[\\u0412\\u0432]","G":"[\\u0413\\u0433]","D":"[\\u0414\\u0434]","YE":"[\\u0415\\u0435]","YO":"[\\u0401\\u0451]","ZH":"[\\u0416\\u0436]","Z":"[\\u0417\\u0437]","EE":"[\\u0418\\u0438]","YI":"[\\u0419\\u0439]","K":"[\\u041A\\u043A]","L":"[\\u041B\\u043B]","M":"[\\u041C\\u043c]","P":"[\\u041F\\u043F]","T":"[\\u0422\\u0442]","U":"[\\u0423\\u0443]","F":"[\\u0424\\u0444]","H":"[\\u0425\\u0445]","TS":"[\\u0426\\u0446]","CH":"[\\u0427\\u0447]","SH":"[\\u0428\\u0448\\u0429\\u0449]","I":"[\\u042B\\u044B]","E":"[\\u042D\\u044D]","YU":"[\\u042E\\u044E]","YA":"[\\u042F\\u044F]","N":"[\\u041D\\u043D]"},"researchesTests":["contentHasTOC","contentHasShortParagraphs","contentHasAssets","keywordInTitle","keywordInMetaDescription","keywordInPermalink","keywordIn10Percent","keywordInContent","keywordInSubheadings","keywordInImageAlt","keywordDensity","keywordNotUsed","lengthContent","lengthPermalink","linksHasInternal","linksHasExternals","linksNotAllExternals","titleStartWithKeyword","titleSentiment","titleHasPowerWords","titleHasNumber","hasContentAI"],"hasRedirection":false,"hasBreadcrumb":false},"homeUrl":"https:\/\/istanbulhirdavatfuari.com\/ru","objectID":1530,"objectType":"post","locale":"ru","localeFull":"ru_RU","overlayImages":{"play":{"name":"Play \u0438\u043a\u043e\u043d\u043a\u0430","url":"https:\/\/istanbulhirdavatfuari.com\/ru\/wp-content\/plugins\/seo-by-rank-math\/assets\/admin\/img\/icon-play.png","path":"\/home\/istanbulhirdavat\/public_html\/ru\/wp-content\/plugins\/seo-by-rank-math\/assets\/admin\/img\/icon-play.png","position":"middle_center"},"gif":{"name":"GIF \u0438\u043a\u043e\u043d\u043a\u0430","url":"https:\/\/istanbulhirdavatfuari.com\/ru\/wp-content\/plugins\/seo-by-rank-math\/assets\/admin\/img\/icon-gif.png","path":"\/home\/istanbulhirdavat\/public_html\/ru\/wp-content\/plugins\/seo-by-rank-math\/assets\/admin\/img\/icon-gif.png","position":"middle_center"}},"defautOgImage":"https:\/\/istanbulhirdavatfuari.com\/ru\/wp-content\/uploads\/2024\/06\/uluslararasi-hirdavat-fuari-istanbul-2024-35.jpg","customPermalinks":true,"isUserRegistered":false,"autoSuggestKeywords":false,"connectSiteUrl":"https:\/\/rankmath.com\/auth?site=https%3A%2F%2Fistanbulhirdavatfuari.com%2Fru&r=https%3A%2F%2Fistanbulhirdavatfuari.com%2Fru%2Fwp-json%2Fwp%2Fv2%2Fpages%2F17%3Fnonce%3Ddc84b590af","maxTags":5,"trendsIcon":"<svg viewBox=\"0 0 610 610\"><path d=\"M18.85,446,174.32,290.48l58.08,58.08L76.93,504a14.54,14.54,0,0,1-20.55,0L18.83,466.48a14.54,14.54,0,0,1,0-20.55Z\" style=\"fill:#4285f4\"\/><path d=\"M242.65,242.66,377.59,377.6l-47.75,47.75a14.54,14.54,0,0,1-20.55,0L174.37,290.43l47.75-47.75A14.52,14.52,0,0,1,242.65,242.66Z\" style=\"fill:#ea4335\"\/><polygon points=\"319.53 319.53 479.26 159.8 537.34 217.88 377.61 377.62 319.53 319.53\" style=\"fill:#fabb05\"\/><path d=\"M594.26,262.73V118.61h0a16.94,16.94,0,0,0-16.94-16.94H433.2a16.94,16.94,0,0,0-12,28.92L565.34,274.71h0a16.94,16.94,0,0,0,28.92-12Z\" style=\"fill:#34a853\"\/><rect width=\"610\" height=\"610\" style=\"fill:none\"\/><\/svg>","showScore":true,"siteFavIcon":"data:image\/png;base64,iVBORw0KGgoAAAANSUhEUgAAABAAAAAQCAYAAAAf8\/9hAAABs0lEQVR4AWL4\/\/8\/RRjO8Iucx+noO0MWUDo16FYABMGP6ZfUcRnWtm27jVPbtm3bttuH2t3eFPcY9pLz7NxiLjCyVd87pKnHyqXyxtCs8APd0rnyxiu4qSeA3QEDrAwBDrT1s1Rc\/OrjLZwqVmOSu6+Lamcpp2KKMA9PH1BYXMe1mUP5qotvXTywsOEEYHXxrY+3cqk6TMkYpNr2FeoY3KIr0RPtn9wQ2unlA+GMkRw6+9TFw4YTwDUzx\/JVvARj9KaedXRO8P5B1Du2S32smzqUrcKGEyA+uAgQjKX7zf0boWHGfn71jIKj2689gxp7OAGShNcBUmLMPVjZuiKcA2vuWHHDCQxMCz629kXAIU4ApY15QwggAFbfOP9DhgBJ+nWVJ1AZAfICAj1pAlY6hCADZnveQf7bQIwzVONGJonhLIlS9gr5mFg44Xd+4S3XHoGNPdJl1INIwKyEgHckEhgTe1bGiFY9GSFBYUwLh1IkiJUbY407E7syBSFxKTszEoiE\/YdrgCEayDmtaJwCI9uu8TKMuZSVfSa4BpGgzvomBR\/INhLGzrqDotp01ZR8pn\/1L0JN9d9XNyx0AAAAAElFTkSuQmCC","canUser":{"general":false,"advanced":false,"snippet":false,"social":false,"analysis":false,"analytics":false,"content_ai":false},"showKeywordIntent":true,"isPro":false,"is_front_page":false,"trendsUpgradeLink":"https:\/\/rankmath.com\/pricing\/?utm_source=Plugin&utm_medium=CE%20General%20Tab%20Trends&utm_campaign=WP","trendsUpgradeLabel":"\u0410\u043f\u0433\u0440\u0435\u0439\u0434","trendsPreviewImage":"https:\/\/istanbulhirdavatfuari.com\/ru\/wp-content\/plugins\/seo-by-rank-math\/assets\/admin\/img\/trends-preview.jpg","currentEditor":false,"homepageData":{"assessor":{"powerWords":[],"diacritics":true,"researchesTests":["contentHasTOC","contentHasShortParagraphs","contentHasAssets","keywordInTitle","keywordInMetaDescription","keywordInPermalink","keywordIn10Percent","keywordInContent","keywordInSubheadings","keywordInImageAlt","keywordDensity","keywordNotUsed","lengthContent","lengthPermalink","linksHasInternal","linksHasExternals","linksNotAllExternals","titleStartWithKeyword","titleSentiment","titleHasPowerWords","titleHasNumber","hasContentAI"],"hasBreadcrumb":false,"serpData":{"title":"%sitename% %page% %sep% %sitedesc%","description":"","titleTemplate":"%sitename% %page% %sep% %sitedesc%","descriptionTemplate":"","focusKeywords":"","breadcrumbTitle":"Home","robots":{"index":true},"advancedRobots":[],"facebookTitle":"","facebookDescription":"","facebookImage":"","facebookImageID":""}}},"tocTitle":"Table of Contents","tocExcludeHeadings":[],"listStyle":"ul"},"_links":{"self":[{"href":"https:\/\/istanbulhirdavatfuari.com\/ru\/wp-json\/wp\/v2\/pages\/17","targetHints":{"allow":["GET"]}}],"collection":[{"href":"https:\/\/istanbulhirdavatfuari.com\/ru\/wp-json\/wp\/v2\/pages"}],"about":[{"href":"https:\/\/istanbulhirdavatfuari.com\/ru\/wp-json\/wp\/v2\/types\/page"}],"author":[{"embeddable":true,"href":"https:\/\/istanbulhirdavatfuari.com\/ru\/wp-json\/wp\/v2\/users\/1"}],"replies":[{"embeddable":true,"href":"https:\/\/istanbulhirdavatfuari.com\/ru\/wp-json\/wp\/v2\/comments?post=17"}],"version-history":[{"count":0,"href":"https:\/\/istanbulhirdavatfuari.com\/ru\/wp-json\/wp\/v2\/pages\/17\/revisions"}],"wp:attachment":[{"href":"https:\/\/istanbulhirdavatfuari.com\/ru\/wp-json\/wp\/v2\/media?parent=17"}],"curies":[{"name":"wp","href":"https:\/\/api.w.org\/{rel}","templated":true}]}}